{"id":52,"date":"2020-10-09T14:30:25","date_gmt":"2020-10-09T14:30:25","guid":{"rendered":"https:\/\/www.wababbel.de\/?page_id=52"},"modified":"2020-10-12T16:23:54","modified_gmt":"2020-10-12T16:23:54","slug":"datenschutzerklaerung","status":"publish","type":"page","link":"https:\/\/www.wababbel.de\/?page_id=52","title":{"rendered":"Datenschutzerkl\u00e4rung"},"content":{"rendered":"\n<h2 class=\"wp-block-heading\">Wer wir sind<\/h2>\n\n\n\n<p>Die Adresse unserer Website ist: https:\/\/www.wababbel.de. Diese Webseite ist ein B\u00fcndnis literarischer Blogs. Kostenlos, freibleibend, kreativ, brotlos.<\/p>\n\n\n\n<p>Die Datenschutzerkl\u00e4rung wurde zuletzt am 12. Oktober 2020 ge\u00e4ndert.<br>Wir behalten uns das Recht vor, diese Datenschutzerkl\u00e4rung jederzeit mit Wirkung f\u00fcr die Zukunft zu \u00e4ndern. Die jeweils aktuelle Version ist auf unserem Internetauftritt verf\u00fcgbar.<\/p>\n\n\n\n<p><strong>Datenverarbeitung allgemein<\/strong><br><strong>1. Zweck der Verarbeitung personenbezogener Daten<\/strong><br>Wir verarbeiten personenbezogene Daten unserer Nutzer grunds\u00e4tzlich nur, soweit dies zur Bereitstellung einer funktionsf\u00e4higen Webseite sowie der Inhalte und Leistungen erforderlich ist.<br><strong>2. Rechtsgrundlage f\u00fcr die Verarbeitung personenbezogener Daten<\/strong><br>Die Verarbeitung personenbezogener Daten unserer Nutzer erfolgt regelm\u00e4\u00dfig nur nach Einwilligung des Nutzers. Eine Ausnahme gilt in solchen F\u00e4llen, in denen eine vorherige Einholung einer Einwilligung aus tats\u00e4chlichen Gr\u00fcnden nicht m\u00f6glich ist und die Verarbeitung der Daten durch gesetzliche Vorschriften gestattet ist.<br>Soweit wir f\u00fcr Verarbeitungsvorg\u00e4nge personenbezogener Daten eine Einwilligung der betroffenen Person einholen, dient Art. 6 Abs. 1 lit. a DSGVO als Rechtsgrundlage.<br>Bei der Verarbeitung von personenbezogenen Daten, die zur Erf\u00fcllung eines Vertrages, dessen Vertragspartei die betroffene Person ist, erforderlich ist, dient Art. 6 Abs. 1 lit. b DSGVO als Rechtsgrundlage. Dies gilt auch f\u00fcr Verarbeitungsvorg\u00e4nge, die zur Durchf\u00fchrung vorvertraglicher Ma\u00dfnahmen erforderlich sind.<br>Soweit eine Verarbeitung personenbezogener Daten zur Erf\u00fcllung einer rechtlichen Verpflichtung erforderlich ist, der unser Unternehmen unterliegt, dient Art. 6 Abs. 1 lit. c DSGVO als Rechtsgrundlage.<br>Ist die Verarbeitung zur Wahrung eines berechtigten Interesses unseres Unternehmens oder eines Dritten erforderlich und \u00fcberwiegen die Interessen, Grundrechte und Grundfreiheiten des Betroffenen das erstgenannte Interesse nicht, so dient Art. 6 Abs. 1 lit. f DSGVO als Rechtsgrundlage f\u00fcr die Verarbeitung.<br><strong>3. Datenspeicherung und L\u00f6schung<\/strong><br>Die personenbezogenen Daten der betroffenen Person werden gel\u00f6scht oder gesperrt, sobald der Zweck der Speicherung entf\u00e4llt. Eine Speicherung kann dar\u00fcber hinaus erfolgen, wenn dies durch den europ\u00e4ischen oder nationalen Gesetzgeber in unionsrechtlichen Verordnungen, Gesetzen oder sonstigen Vorschriften, denen der Verantwortliche unterliegt, vorgesehen wurde. Eine Sperrung oder L\u00f6schung der Daten erfolgt auch dann, wenn eine durch die genannten Normen vorgeschriebene Speicherfrist abl\u00e4uft, es sei denn, dass eine Erforderlichkeit zur weiteren Speicherung der Daten f\u00fcr einen Vertragsabschluss oder eine Vertragserf\u00fcllung besteht.<\/p>\n\n\n\n<p><strong>Rechte der betroffenen Person<\/strong><br><strong>1. Kann ich Auskunft \u00fcber meine gespeicherten Daten erhalten?<\/strong><br>Sie k\u00f6nnen unentgeltlich Auskunft \u00fcber den Umfang, die Herkunft und die Empf\u00e4nger der gespeicherten Daten sowie den Zweck und die Dauer der Speicherung verlangen.<br><strong>2. Kann ich meine Daten berichtigen lassen?<\/strong><br>Sie k\u00f6nnen jederzeit verlangen, dass unrichtige Daten berichtigt werden.<br><strong>3. Kann ich meine Einwilligung widerrufen?<\/strong><br>Wenn wir Ihre Daten auf der Grundlage Ihrer Einwilligung verarbeiten, k\u00f6nnen Sie diese jederzeit widerrufen. Die Rechtm\u00e4\u00dfigkeit der Verarbeitung Ihrer Daten bleibt bis zum Widerruf unber\u00fchrt.<br><strong>4. Kann ich meine Daten sperren oder l\u00f6schen lassen oder der Verarbeitung widersprechen?<\/strong><br>Ihnen stehen grunds\u00e4tzlich die Rechte auf Einschr\u00e4nkung der Verarbeitung, L\u00f6schung und Widerspruch zu. Diese h\u00e4ngen im Einzelnen von der Rechtsgrundlage der Verarbeitung und der oben genannten Pflicht ab.<br><strong>5. Wer ist mein Ansprechpartner, wenn ich Fragen zum Datenschutz habe?<\/strong><br>Wenn Sie Fragen hinsichtlich der Verarbeitung Ihrer personenbezogenen Daten oder Ihre vorgenannten Rechte geltend machen m\u00f6chten, wenden Sie sich gerne an die dieser Datenschutzerkl\u00e4rung genannte Verantwortlichen.<\/p>\n\n\n\n<p>Sylvia Wage<\/p>\n\n\n\n<p>ich(at)debruma.de<\/p>\n\n\n\n<p><strong>Bereitstellung der Website<\/strong><br>Unser Internetangebot wird bei folgendem Serverbetreiber gehostet:<\/p>\n\n\n\n<p><strong>IP-Projects GmbH &amp; Co. KG<\/strong><br>Am Vogelherd 14<br>D \u2013 97295 Waldbrunn<\/p>\n\n\n\n<p>Bei jedem Aufruf unserer Webseite erfasst der Server automatisiert Daten und Informationen vom Computersystem des aufrufenden Rechners. Die Daten werden in den sogenannten Server-Logfiles des Serverbetreibers gespeichert. Eine Speicherung dieser Daten zusammen mit anderen personenbezogenen Daten des Nutzers findet nicht statt. Folgende Daten werden hierbei erhoben:<\/p>\n\n\n\n<p>\u2022 Browsertyp\/ -version<br>\u2022 Verwendetes Betriebssystem<br>\u2022 Referrer URL (die zuvor besuchte Seite)<br>\u2022 Hostname des zugreifenden Rechners<br>\u2022 IP-Adresse Ihres Endger\u00e4ts<br>\u2022 Uhrzeit der Serveranfrage<\/p>\n\n\n\n<p>Die Speicherung in Logfiles erfolgt, um die Funktionsf\u00e4higkeit der Website sicherzustellen. Zudem dienen uns die Daten zur Optimierung der Website und zur Sicherstellung der Sicherheit der informationstechnischen Systeme. Eine Auswertung der Daten zu Marketingzwecken findet nicht statt.<br>Rechtsgrundlage f\u00fcr die vor\u00fcbergehende Speicherung der Daten und der Logfiles ist Art. 6 Abs. 1 lit. F DGSVO.<br>Die Daten werden gel\u00f6scht, sobald sie f\u00fcr die Erreichung des Zweckes ihrer Erhebung nicht mehr erforderlich sind. Im Falle der Erfassung der Daten zur Bereitstellung der Website ist dies der Fall, wenn die jeweilige Sitzung beendet ist.<\/p>\n\n\n\n<p><strong>Verwendung von Cookies<\/strong><br>Unsere Webseite verwendet Cookies. Bei Cookies handelt es sich um Textdateien, die im Internetbrowser bzw. vom Internetbrowser auf dem Computersystem des Nutzers gespeichert werden. Cookies sind keine Viren, sie sind und\/oder schaffen keine Sicherheitsl\u00fccken \u2013 sie sind nicht in der Lage, in Ihr System einzugreifen, es zu ver\u00e4ndern oder zu sch\u00e4digen.<br>Cookies werden auf dem Rechner des Nutzers gespeichert und von diesem an unserer Webseite \u00fcbermittelt. Daher haben Sie als Nutzer auch die volle Kontrolle \u00fcber die Verwendung von Cookies. Durch eine \u00c4nderung der Einstellungen in Ihrem Internetbrowser, k\u00f6nnen Sie die \u00dcbertragung von Cookies deaktivieren oder einschr\u00e4nken. Bereits gespeicherte Cookies k\u00f6nnen jederzeit gel\u00f6scht werden. Dies kann auch automatisiert erfolgen. Benutzen Sie hierf\u00fcr bitte die Hilfe-Funktion ihres Browsers, falls Ihnen diese Einstellungen unbekannt sind. Werden Cookies f\u00fcr unsere Webseite deaktiviert, k\u00f6nnen m\u00f6glicherweise nicht mehr alle Funktionen der Webseite vollumf\u00e4nglich genutzt werden.<br>Der Einsatz von Cookies dient dazu, Ihnen die Nutzung bestimmter Funktionen zu erm\u00f6glichen und unser Angebot insgesamt nutzerfreundlicher zu gestalten.<\/p>\n\n\n\n<p><a href=\"https:\/\/www.wababbel.de\/?page_id=57\" data-type=\"page\" data-id=\"57\">Cookie-Richtlinie<\/a><\/p>\n\n\n\n<p><strong>E-Mail-Kontakt<\/strong><br>Auf unserer Internetseite ist eine Kontaktaufnahme \u00fcber die bereitgestellte E-Mail-Adresse m\u00f6glich. In diesem Fall werden die mit der E-Mail \u00fcbermittelten personenbezogenen Daten des Nutzers, wie bei jedem anderen E-Mail-Kontakt, gespeichert.<br>Es erfolgt in diesem Zusammenhang keine Weitergabe der Daten an Dritte. Die Daten werden ausschlie\u00dflich f\u00fcr die Verarbeitung der Konversation verwendet.<br>Rechtsgrundlage f\u00fcr die Verarbeitung der Daten ist bei Vorliegen einer Einwilligung des Nutzers Art. 6 Abs. 1 lit. a DSGVO bzw. ohne ausdr\u00fcckliche Einwilligung Art. 6 Abs. 1 lit. f DSGVO. Zielt der E-Mail-Kontakt auf den Abschluss eines Vertrages ab, so ist zus\u00e4tzliche Rechtsgrundlage f\u00fcr die Verarbeitung Art. 6 Abs. 1 lit. b DSGVO.<br>Im Falle einer Kontaktaufnahme per E-Mail liegt hieran auch das erforderliche berechtigte Interesse an der Verarbeitung der Daten.<br>Die Daten werden gel\u00f6scht, sobald sie f\u00fcr die Erreichung des Zweckes ihrer Erhebung nicht mehr erforderlich sind. F\u00fcr die personenbezogenen Daten die per E-Mail \u00fcbersandt wurden, ist dies dann der Fall, wenn die jeweilige Konversation mit dem Nutzer beendet ist. Beendet ist die Konversation dann, wenn sich aus den Umst\u00e4nden entnehmen l\u00e4sst, dass der betroffene Sachverhalt abschlie\u00dfend gekl\u00e4rt ist.<\/p>\n\n\n\n<p><strong>2. Links zu anderen Webseiten<\/strong><br>Wir haben Links zu anderen Internetauftritten eingebunden. Diese Datenschutzerkl\u00e4rung regelt nicht das Erheben, die Weitergabe oder den Umgang personenbezogener Daten auf anderen Internetseiten durch Dritte. Bitte pr\u00fcfen Sie die Datenschutzerkl\u00e4rung der jeweiligen verantwortlichen Stelle.<\/p>\n\n\n\n<p><strong>3. Eingebettete Inhalte<\/strong><\/p>\n\n\n\n<p>Beitr\u00e4ge auf dieser Website k\u00f6nnen eingebettete Inhalte beinhalten (z.&nbsp;B. Videos, Bilder, Beitr\u00e4ge etc.). Eingebettete Inhalte von anderen Websites verhalten sich exakt so, als ob der Besucher die andere Website besucht h\u00e4tte. Diese Websites k\u00f6nnen Daten \u00fcber dich sammeln, Cookies benutzen, zus\u00e4tzliche Tracking-Dienste von Dritten einbetten und deine Interaktion mit diesem eingebetteten Inhalt aufzeichnen, inklusive deiner Interaktion mit dem eingebetteten Inhalt, falls du ein Konto hast und auf dieser Website angemeldet bist.<\/p>\n\n\n\n<p> <\/p>\n\n\n\n<p><\/p>\n\n\n\n<h2 class=\"wp-block-heading\"><\/h2>\n","protected":false},"excerpt":{"rendered":"<p>Wer wir sind Die Adresse unserer Website ist: https:\/\/www.wababbel.de. Diese Webseite ist ein B\u00fcndnis literarischer Blogs.&hellip;<\/p>\n","protected":false},"author":1,"featured_media":0,"parent":0,"menu_order":0,"comment_status":"closed","ping_status":"closed","template":"","meta":{"footnotes":""},"class_list":["post-52","page","type-page","status-publish","hentry"],"_links":{"self":[{"href":"https:\/\/www.wababbel.de\/index.php?rest_route=\/wp\/v2\/pages\/52","targetHints":{"allow":["GET"]}}],"collection":[{"href":"https:\/\/www.wababbel.de\/index.php?rest_route=\/wp\/v2\/pages"}],"about":[{"href":"https:\/\/www.wababbel.de\/index.php?rest_route=\/wp\/v2\/types\/page"}],"author":[{"embeddable":true,"href":"https:\/\/www.wababbel.de\/index.php?rest_route=\/wp\/v2\/users\/1"}],"replies":[{"embeddable":true,"href":"https:\/\/www.wababbel.de\/index.php?rest_route=%2Fwp%2Fv2%2Fcomments&post=52"}],"version-history":[{"count":4,"href":"https:\/\/www.wababbel.de\/index.php?rest_route=\/wp\/v2\/pages\/52\/revisions"}],"predecessor-version":[{"id":75,"href":"https:\/\/www.wababbel.de\/index.php?rest_route=\/wp\/v2\/pages\/52\/revisions\/75"}],"wp:attachment":[{"href":"https:\/\/www.wababbel.de\/index.php?rest_route=%2Fwp%2Fv2%2Fmedia&parent=52"}],"curies":[{"name":"wp","href":"https:\/\/api.w.org\/{rel}","templated":true}]}}